{"id":24561,"date":"2023-07-19T11:24:30","date_gmt":"2023-07-19T11:24:30","guid":{"rendered":"https:\/\/staging.avantcar.mk\/impresiumi\/"},"modified":"2025-01-21T16:10:03","modified_gmt":"2025-01-21T16:10:03","slug":"impresiumi","status":"publish","type":"page","link":"https:\/\/www.avantcar.mk\/sq\/impresiumi\/","title":{"rendered":"Impresiumi"},"content":{"rendered":"\t\t<div data-elementor-type=\"wp-page\" data-elementor-id=\"24561\" class=\"elementor elementor-24561 elementor-20335\">\n\t\t\t\t\t\t<section class=\"elementor-section elementor-top-section elementor-element elementor-element-1fe3d75 elementor-section-full_width elementor-section-height-default elementor-section-height-default parallax_section_no qode_elementor_container_no\" data-id=\"1fe3d75\" data-element_type=\"section\" data-settings=\"{&quot;background_background&quot;:&quot;classic&quot;}\">\n\t\t\t\t\t\t<div class=\"elementor-container elementor-column-gap-default\">\n\t\t\t\t\t<div class=\"elementor-column elementor-col-100 elementor-top-column elementor-element elementor-element-114eb10\" data-id=\"114eb10\" data-element_type=\"column\">\n\t\t\t<div class=\"elementor-widget-wrap elementor-element-populated\">\n\t\t\t\t\t\t<div class=\"elementor-element elementor-element-b1b6491 elementor-widget elementor-widget-heading\" data-id=\"b1b6491\" data-element_type=\"widget\" data-widget_type=\"heading.default\">\n\t\t\t\t<div class=\"elementor-widget-container\">\n\t\t\t\t\t<h1 class=\"elementor-heading-title elementor-size-default\">Impresiumi<\/h1>\t\t\t\t<\/div>\n\t\t\t\t<\/div>\n\t\t\t\t\t<\/div>\n\t\t<\/div>\n\t\t\t\t\t<\/div>\n\t\t<\/section>\n\t\t\t\t<section class=\"elementor-section elementor-top-section elementor-element elementor-element-0b21837 elementor-section-full_width privacy-policy elementor-section-height-default elementor-section-height-default parallax_section_no qode_elementor_container_no\" data-id=\"0b21837\" data-element_type=\"section\" data-settings=\"{&quot;background_background&quot;:&quot;classic&quot;}\">\n\t\t\t\t\t\t<div class=\"elementor-container elementor-column-gap-default\">\n\t\t\t\t\t<div class=\"elementor-column elementor-col-100 elementor-top-column elementor-element elementor-element-86f9314\" data-id=\"86f9314\" data-element_type=\"column\">\n\t\t\t<div class=\"elementor-widget-wrap elementor-element-populated\">\n\t\t\t\t\t\t<div class=\"elementor-element elementor-element-d369de8 elementor-widget elementor-widget-heading\" data-id=\"d369de8\" data-element_type=\"widget\" data-widget_type=\"heading.default\">\n\t\t\t\t<div class=\"elementor-widget-container\">\n\t\t\t\t\t<h2 class=\"elementor-heading-title elementor-size-default\">Emri i kompanis\u00eb<\/h2>\t\t\t\t<\/div>\n\t\t\t\t<\/div>\n\t\t\t\t<div class=\"elementor-element elementor-element-2b38431 elementor-widget elementor-widget-text-editor\" data-id=\"2b38431\" data-element_type=\"widget\" data-widget_type=\"text-editor.default\">\n\t\t\t\t<div class=\"elementor-widget-container\">\n\t\t\t\t\t\t\t\t\t<p>Drushtvo za mobilni uslugi AVANT KAR DOO Skopje<\/p>\n<p>\u0414\u0440\u0443\u0448\u0442\u0432\u043e \u0437\u0430 \u043c\u043e\u0431\u0438\u043b\u043d\u0438 \u0443\u0441\u043b\u0443\u0433\u0438 \u0410\u0412\u0410\u041d\u0422 \u041a\u0410\u0420 \u0414\u041e\u041e \u0421\u043a\u043e\u043f\u0458\u0435<\/p>\n\t\t\t\t\t\t\t\t<\/div>\n\t\t\t\t<\/div>\n\t\t\t\t<div class=\"elementor-element elementor-element-8a6f0c4 elementor-widget elementor-widget-heading\" data-id=\"8a6f0c4\" data-element_type=\"widget\" data-widget_type=\"heading.default\">\n\t\t\t\t<div class=\"elementor-widget-container\">\n\t\t\t\t\t<h2 class=\"elementor-heading-title elementor-size-default\">Emri i shkurt\u00ebr i kompanis\u00eb<\/h2>\t\t\t\t<\/div>\n\t\t\t\t<\/div>\n\t\t\t\t<div class=\"elementor-element elementor-element-1b5df34 elementor-widget elementor-widget-text-editor\" data-id=\"1b5df34\" data-element_type=\"widget\" data-widget_type=\"text-editor.default\">\n\t\t\t\t<div class=\"elementor-widget-container\">\n\t\t\t\t\t\t\t\t\t<p>AVANT KAR d.o.o. Skopje<\/p>\n<p><span dir=\"ltr\" style=\"left: 65.47%; top: 89.47%; font-size: calc(var(--scale-factor)*7.32px); font-family: serif; transform: rotate(-90deg) scaleX(0.922204);\" role=\"presentation\">\u0410\u0412\u0410\u041d\u0422 \u041a\u0410\u0420 \u0414\u041e\u041e \u0421\u041a\u041e\u041f\u0408\u0415<\/span><\/p>\n\t\t\t\t\t\t\t\t<\/div>\n\t\t\t\t<\/div>\n\t\t\t\t<div class=\"elementor-element elementor-element-db36d63 elementor-widget elementor-widget-heading\" data-id=\"db36d63\" data-element_type=\"widget\" data-widget_type=\"heading.default\">\n\t\t\t\t<div class=\"elementor-widget-container\">\n\t\t\t\t\t<h2 class=\"elementor-heading-title elementor-size-default\">Adresa e selis\u00eb.<\/h2>\t\t\t\t<\/div>\n\t\t\t\t<\/div>\n\t\t\t\t<div class=\"elementor-element elementor-element-1f08169 elementor-widget elementor-widget-text-editor\" data-id=\"1f08169\" data-element_type=\"widget\" data-widget_type=\"text-editor.default\">\n\t\t\t\t<div class=\"elementor-widget-container\">\n\t\t\t\t\t\t\t\t\t<p><a href=\"https:\/\/maps.app.goo.gl\/UyoePx9mPabXKP1G9\" target=\"_blank\" rel=\"noopener\">Ul. 11 Oktomvri br. 2, 1000 Skopje<\/a><\/p>\n\t\t\t\t\t\t\t\t<\/div>\n\t\t\t\t<\/div>\n\t\t\t\t<div class=\"elementor-element elementor-element-869f945 elementor-widget elementor-widget-heading\" data-id=\"869f945\" data-element_type=\"widget\" data-widget_type=\"heading.default\">\n\t\t\t\t<div class=\"elementor-widget-container\">\n\t\t\t\t\t<h2 class=\"elementor-heading-title elementor-size-default\">Gjykata n\u00eb regjistrin e biznesit t\u00eb s\u00eb cil\u00ebs \u00ebsht\u00eb regjistruar shoq\u00ebria.<\/h2>\t\t\t\t<\/div>\n\t\t\t\t<\/div>\n\t\t\t\t<div class=\"elementor-element elementor-element-7463679 elementor-widget elementor-widget-text-editor\" data-id=\"7463679\" data-element_type=\"widget\" data-widget_type=\"text-editor.default\">\n\t\t\t\t<div class=\"elementor-widget-container\">\n\t\t\t\t\t\t\t\t\t<p>Regjistri Qendror i Republik\u00ebs s\u00eb Maqedonis\u00eb s\u00eb Veriut<\/p>\n<p>\u0426\u0415\u041d\u0422\u0420\u0410\u041b\u0415\u041d \u0420\u0415\u0413\u0418\u0421\u0422\u0410\u0420\u041d\u0410 \u0420\u0415\u041f\u0423\u0411\u041b\u0418\u041a\u0410 \u0421\u0415\u0412\u0415\u0420\u041d\u0410 \u041c\u0410\u041a\u0415\u0414\u041e\u041d\u0418\u0408\u0410<\/p>\n\t\t\t\t\t\t\t\t<\/div>\n\t\t\t\t<\/div>\n\t\t\t\t<div class=\"elementor-element elementor-element-7a79939 elementor-widget elementor-widget-heading\" data-id=\"7a79939\" data-element_type=\"widget\" data-widget_type=\"heading.default\">\n\t\t\t\t<div class=\"elementor-widget-container\">\n\t\t\t\t\t<h2 class=\"elementor-heading-title elementor-size-default\">Numri i regjistrimit i kompanis\u00eb me t\u00eb cilin \u00ebsht\u00eb regjistruar n\u00eb Regjistrin qendror.<\/h2>\t\t\t\t<\/div>\n\t\t\t\t<\/div>\n\t\t\t\t<div class=\"elementor-element elementor-element-78ba18f elementor-widget elementor-widget-text-editor\" data-id=\"78ba18f\" data-element_type=\"widget\" data-widget_type=\"text-editor.default\">\n\t\t\t\t<div class=\"elementor-widget-container\">\n\t\t\t\t\t\t\t\t\t<p>7475098<\/p>\n\t\t\t\t\t\t\t\t<\/div>\n\t\t\t\t<\/div>\n\t\t\t\t<div class=\"elementor-element elementor-element-ab66609 elementor-hidden-desktop elementor-hidden-tablet elementor-hidden-mobile elementor-widget elementor-widget-heading\" data-id=\"ab66609\" data-element_type=\"widget\" data-widget_type=\"heading.default\">\n\t\t\t\t<div class=\"elementor-widget-container\">\n\t\t\t\t\t<h2 class=\"elementor-heading-title elementor-size-default\">Name and registered office of the financial institutions in which the company has opened accounts with account numbers<\/h2>\t\t\t\t<\/div>\n\t\t\t\t<\/div>\n\t\t\t\t<div class=\"elementor-element elementor-element-c9b626c elementor-hidden-desktop elementor-hidden-tablet elementor-hidden-mobile elementor-widget elementor-widget-text-editor\" data-id=\"c9b626c\" data-element_type=\"widget\" data-widget_type=\"text-editor.default\">\n\t\t\t\t<div class=\"elementor-widget-container\">\n\t\t\t\t\t\t\t\t\t<p>Lorem ipsum<\/p>\n\t\t\t\t\t\t\t\t<\/div>\n\t\t\t\t<\/div>\n\t\t\t\t<div class=\"elementor-element elementor-element-38d943a elementor-widget elementor-widget-heading\" data-id=\"38d943a\" data-element_type=\"widget\" data-widget_type=\"heading.default\">\n\t\t\t\t<div class=\"elementor-widget-container\">\n\t\t\t\t\t<h2 class=\"elementor-heading-title elementor-size-default\">Mbiemra dhe minimum nj\u00eb em\u00ebr i an\u00ebtarit t\u00eb K\u00ebshillit drejtues.<\/h2>\t\t\t\t<\/div>\n\t\t\t\t<\/div>\n\t\t\t\t<div class=\"elementor-element elementor-element-095be22 elementor-widget elementor-widget-text-editor\" data-id=\"095be22\" data-element_type=\"widget\" data-widget_type=\"text-editor.default\">\n\t\t\t\t<div class=\"elementor-widget-container\">\n\t\t\t\t\t\t\t\t\t<p>Director: Martin Milevski<\/p>\n\t\t\t\t\t\t\t\t<\/div>\n\t\t\t\t<\/div>\n\t\t\t\t<div class=\"elementor-element elementor-element-2bbbe2c elementor-hidden-desktop elementor-hidden-tablet elementor-hidden-mobile elementor-widget elementor-widget-heading\" data-id=\"2bbbe2c\" data-element_type=\"widget\" data-widget_type=\"heading.default\">\n\t\t\t\t<div class=\"elementor-widget-container\">\n\t\t\t\t\t<h2 class=\"elementor-heading-title elementor-size-default\">Amount of capital stock, and whether it has been paid in full<\/h2>\t\t\t\t<\/div>\n\t\t\t\t<\/div>\n\t\t\t\t<div class=\"elementor-element elementor-element-7a36846 elementor-hidden-desktop elementor-hidden-tablet elementor-hidden-mobile elementor-widget elementor-widget-text-editor\" data-id=\"7a36846\" data-element_type=\"widget\" data-widget_type=\"text-editor.default\">\n\t\t\t\t<div class=\"elementor-widget-container\">\n\t\t\t\t\t\t\t\t\t<p>2.258.900,00 kuna, u cijelosti upla\u0107en u novcu<\/p>\n\t\t\t\t\t\t\t\t<\/div>\n\t\t\t\t<\/div>\n\t\t\t\t\t<\/div>\n\t\t<\/div>\n\t\t\t\t\t<\/div>\n\t\t<\/section>\n\t\t\t\t<\/div>\n\t\t","protected":false},"excerpt":{"rendered":"<p>Impresiumi Emri i kompanis\u00eb Drushtvo za mobilni uslugi AVANT KAR DOO Skopje \u0414\u0440\u0443\u0448\u0442\u0432\u043e \u0437\u0430 \u043c\u043e\u0431\u0438\u043b\u043d\u0438 \u0443\u0441\u043b\u0443\u0433\u0438 \u0410\u0412\u0410\u041d\u0422 \u041a\u0410\u0420 \u0414\u041e\u041e \u0421\u043a\u043e\u043f\u0458\u0435 Emri i shkurt\u00ebr i kompanis\u00eb AVANT KAR d.o.o. Skopje \u0410\u0412\u0410\u041d\u0422 \u041a\u0410\u0420 \u0414\u041e\u041e \u0421\u041a\u041e\u041f\u0408\u0415 Adresa e selis\u00eb. Ul. 11 Oktomvri br. 2, 1000 Skopje Gjykata n\u00eb&#8230;<\/p>\n","protected":false},"author":1,"featured_media":24230,"parent":0,"menu_order":0,"comment_status":"closed","ping_status":"closed","template":"full_width.php","meta":{"_acf_changed":false,"footnotes":""},"class_list":["post-24561","page","type-page","status-publish","has-post-thumbnail","hentry"],"acf":[],"yoast_head":"<!-- This site is optimized with the Yoast SEO plugin v24.2 - https:\/\/yoast.com\/wordpress\/plugins\/seo\/ -->\n<title>Impresiumi | Avant car | Rent a car | Car sharing<\/title>\n<meta name=\"description\" content=\"Avant Car \u00ebsht\u00eb i vet\u00ebdijsh\u00ebm p\u00ebr r\u00ebnd\u00ebsin\u00eb e privat\u00ebsis\u00eb suaj, ndaj b\u00ebn \u00e7do p\u00ebrpjekje p\u00ebr t\u00eb mbrojtur t\u00eb dh\u00ebnat personale t\u00eb p\u00ebrdoruesve t\u00eb saj.\" \/>\n<meta name=\"robots\" content=\"index, follow, max-snippet:-1, max-image-preview:large, max-video-preview:-1\" \/>\n<link rel=\"canonical\" href=\"https:\/\/www.avantcar.mk\/sq\/impresiumi\/\" \/>\n<meta property=\"og:locale\" content=\"sq_AL\" \/>\n<meta property=\"og:type\" content=\"article\" \/>\n<meta property=\"og:title\" content=\"Impresiumi | Avant car | Rent a car | Car sharing\" \/>\n<meta property=\"og:description\" content=\"Avant Car \u00ebsht\u00eb i vet\u00ebdijsh\u00ebm p\u00ebr r\u00ebnd\u00ebsin\u00eb e privat\u00ebsis\u00eb suaj, ndaj b\u00ebn \u00e7do p\u00ebrpjekje p\u00ebr t\u00eb mbrojtur t\u00eb dh\u00ebnat personale t\u00eb p\u00ebrdoruesve t\u00eb saj.\" \/>\n<meta property=\"og:url\" content=\"https:\/\/www.avantcar.mk\/sq\/impresiumi\/\" \/>\n<meta property=\"og:site_name\" content=\"Avantcar\" \/>\n<meta property=\"article:modified_time\" content=\"2025-01-21T16:10:03+00:00\" \/>\n<meta property=\"og:image\" content=\"https:\/\/www.avantcar.mk\/wp-content\/uploads\/2020\/12\/reservations.png\" \/>\n\t<meta property=\"og:image:width\" content=\"1366\" \/>\n\t<meta property=\"og:image:height\" content=\"668\" \/>\n\t<meta property=\"og:image:type\" content=\"image\/png\" \/>\n<meta name=\"twitter:card\" content=\"summary_large_image\" \/>\n<meta name=\"twitter:label1\" content=\"Est. reading time\" \/>\n\t<meta name=\"twitter:data1\" content=\"1 minute\" \/>\n<script type=\"application\/ld+json\" class=\"yoast-schema-graph\">{\"@context\":\"https:\/\/schema.org\",\"@graph\":[{\"@type\":\"WebPage\",\"@id\":\"https:\/\/www.avantcar.mk\/sq\/impresiumi\/\",\"url\":\"https:\/\/www.avantcar.mk\/sq\/impresiumi\/\",\"name\":\"Impresiumi | Avant car | Rent a car | Car sharing\",\"isPartOf\":{\"@id\":\"https:\/\/www.avantcar.mk\/sq\/#website\"},\"primaryImageOfPage\":{\"@id\":\"https:\/\/www.avantcar.mk\/sq\/impresiumi\/#primaryimage\"},\"image\":{\"@id\":\"https:\/\/www.avantcar.mk\/sq\/impresiumi\/#primaryimage\"},\"thumbnailUrl\":\"https:\/\/www.avantcar.mk\/wp-content\/uploads\/2020\/12\/reservations.png\",\"datePublished\":\"2023-07-19T11:24:30+00:00\",\"dateModified\":\"2025-01-21T16:10:03+00:00\",\"description\":\"Avant Car \u00ebsht\u00eb i vet\u00ebdijsh\u00ebm p\u00ebr r\u00ebnd\u00ebsin\u00eb e privat\u00ebsis\u00eb suaj, ndaj b\u00ebn \u00e7do p\u00ebrpjekje p\u00ebr t\u00eb mbrojtur t\u00eb dh\u00ebnat personale t\u00eb p\u00ebrdoruesve t\u00eb saj.\",\"breadcrumb\":{\"@id\":\"https:\/\/www.avantcar.mk\/sq\/impresiumi\/#breadcrumb\"},\"inLanguage\":\"sq-AL\",\"potentialAction\":[{\"@type\":\"ReadAction\",\"target\":[\"https:\/\/www.avantcar.mk\/sq\/impresiumi\/\"]}]},{\"@type\":\"ImageObject\",\"inLanguage\":\"sq-AL\",\"@id\":\"https:\/\/www.avantcar.mk\/sq\/impresiumi\/#primaryimage\",\"url\":\"https:\/\/www.avantcar.mk\/wp-content\/uploads\/2020\/12\/reservations.png\",\"contentUrl\":\"https:\/\/www.avantcar.mk\/wp-content\/uploads\/2020\/12\/reservations.png\",\"width\":1366,\"height\":668},{\"@type\":\"BreadcrumbList\",\"@id\":\"https:\/\/www.avantcar.mk\/sq\/impresiumi\/#breadcrumb\",\"itemListElement\":[{\"@type\":\"ListItem\",\"position\":1,\"name\":\"Home\",\"item\":\"https:\/\/www.avantcar.mk\/sq\/\"},{\"@type\":\"ListItem\",\"position\":2,\"name\":\"Impresiumi\"}]},{\"@type\":\"WebSite\",\"@id\":\"https:\/\/www.avantcar.mk\/sq\/#website\",\"url\":\"https:\/\/www.avantcar.mk\/sq\/\",\"name\":\"Avantcar\",\"description\":\"\",\"publisher\":{\"@id\":\"https:\/\/www.avantcar.mk\/sq\/#organization\"},\"potentialAction\":[{\"@type\":\"SearchAction\",\"target\":{\"@type\":\"EntryPoint\",\"urlTemplate\":\"https:\/\/www.avantcar.mk\/sq\/?s={search_term_string}\"},\"query-input\":{\"@type\":\"PropertyValueSpecification\",\"valueRequired\":true,\"valueName\":\"search_term_string\"}}],\"inLanguage\":\"sq-AL\"},{\"@type\":\"Organization\",\"@id\":\"https:\/\/www.avantcar.mk\/sq\/#organization\",\"name\":\"Avantcar\",\"url\":\"https:\/\/www.avantcar.mk\/sq\/\",\"logo\":{\"@type\":\"ImageObject\",\"inLanguage\":\"sq-AL\",\"@id\":\"https:\/\/www.avantcar.mk\/sq\/#\/schema\/logo\/image\/\",\"url\":\"https:\/\/www.avantcar.mk\/wp-content\/uploads\/2021\/04\/ugovor.png\",\"contentUrl\":\"https:\/\/www.avantcar.mk\/wp-content\/uploads\/2021\/04\/ugovor.png\",\"width\":72,\"height\":72,\"caption\":\"Avantcar\"},\"image\":{\"@id\":\"https:\/\/www.avantcar.mk\/sq\/#\/schema\/logo\/image\/\"}}]}<\/script>\n<!-- \/ Yoast SEO plugin. -->","yoast_head_json":{"title":"Impresiumi | Avant car | Rent a car | Car sharing","description":"Avant Car \u00ebsht\u00eb i vet\u00ebdijsh\u00ebm p\u00ebr r\u00ebnd\u00ebsin\u00eb e privat\u00ebsis\u00eb suaj, ndaj b\u00ebn \u00e7do p\u00ebrpjekje p\u00ebr t\u00eb mbrojtur t\u00eb dh\u00ebnat personale t\u00eb p\u00ebrdoruesve t\u00eb saj.","robots":{"index":"index","follow":"follow","max-snippet":"max-snippet:-1","max-image-preview":"max-image-preview:large","max-video-preview":"max-video-preview:-1"},"canonical":"https:\/\/www.avantcar.mk\/sq\/impresiumi\/","og_locale":"sq_AL","og_type":"article","og_title":"Impresiumi | Avant car | Rent a car | Car sharing","og_description":"Avant Car \u00ebsht\u00eb i vet\u00ebdijsh\u00ebm p\u00ebr r\u00ebnd\u00ebsin\u00eb e privat\u00ebsis\u00eb suaj, ndaj b\u00ebn \u00e7do p\u00ebrpjekje p\u00ebr t\u00eb mbrojtur t\u00eb dh\u00ebnat personale t\u00eb p\u00ebrdoruesve t\u00eb saj.","og_url":"https:\/\/www.avantcar.mk\/sq\/impresiumi\/","og_site_name":"Avantcar","article_modified_time":"2025-01-21T16:10:03+00:00","og_image":[{"width":1366,"height":668,"url":"https:\/\/www.avantcar.mk\/wp-content\/uploads\/2020\/12\/reservations.png","type":"image\/png"}],"twitter_card":"summary_large_image","twitter_misc":{"Est. reading time":"1 minute"},"schema":{"@context":"https:\/\/schema.org","@graph":[{"@type":"WebPage","@id":"https:\/\/www.avantcar.mk\/sq\/impresiumi\/","url":"https:\/\/www.avantcar.mk\/sq\/impresiumi\/","name":"Impresiumi | Avant car | Rent a car | Car sharing","isPartOf":{"@id":"https:\/\/www.avantcar.mk\/sq\/#website"},"primaryImageOfPage":{"@id":"https:\/\/www.avantcar.mk\/sq\/impresiumi\/#primaryimage"},"image":{"@id":"https:\/\/www.avantcar.mk\/sq\/impresiumi\/#primaryimage"},"thumbnailUrl":"https:\/\/www.avantcar.mk\/wp-content\/uploads\/2020\/12\/reservations.png","datePublished":"2023-07-19T11:24:30+00:00","dateModified":"2025-01-21T16:10:03+00:00","description":"Avant Car \u00ebsht\u00eb i vet\u00ebdijsh\u00ebm p\u00ebr r\u00ebnd\u00ebsin\u00eb e privat\u00ebsis\u00eb suaj, ndaj b\u00ebn \u00e7do p\u00ebrpjekje p\u00ebr t\u00eb mbrojtur t\u00eb dh\u00ebnat personale t\u00eb p\u00ebrdoruesve t\u00eb saj.","breadcrumb":{"@id":"https:\/\/www.avantcar.mk\/sq\/impresiumi\/#breadcrumb"},"inLanguage":"sq-AL","potentialAction":[{"@type":"ReadAction","target":["https:\/\/www.avantcar.mk\/sq\/impresiumi\/"]}]},{"@type":"ImageObject","inLanguage":"sq-AL","@id":"https:\/\/www.avantcar.mk\/sq\/impresiumi\/#primaryimage","url":"https:\/\/www.avantcar.mk\/wp-content\/uploads\/2020\/12\/reservations.png","contentUrl":"https:\/\/www.avantcar.mk\/wp-content\/uploads\/2020\/12\/reservations.png","width":1366,"height":668},{"@type":"BreadcrumbList","@id":"https:\/\/www.avantcar.mk\/sq\/impresiumi\/#breadcrumb","itemListElement":[{"@type":"ListItem","position":1,"name":"Home","item":"https:\/\/www.avantcar.mk\/sq\/"},{"@type":"ListItem","position":2,"name":"Impresiumi"}]},{"@type":"WebSite","@id":"https:\/\/www.avantcar.mk\/sq\/#website","url":"https:\/\/www.avantcar.mk\/sq\/","name":"Avantcar","description":"","publisher":{"@id":"https:\/\/www.avantcar.mk\/sq\/#organization"},"potentialAction":[{"@type":"SearchAction","target":{"@type":"EntryPoint","urlTemplate":"https:\/\/www.avantcar.mk\/sq\/?s={search_term_string}"},"query-input":{"@type":"PropertyValueSpecification","valueRequired":true,"valueName":"search_term_string"}}],"inLanguage":"sq-AL"},{"@type":"Organization","@id":"https:\/\/www.avantcar.mk\/sq\/#organization","name":"Avantcar","url":"https:\/\/www.avantcar.mk\/sq\/","logo":{"@type":"ImageObject","inLanguage":"sq-AL","@id":"https:\/\/www.avantcar.mk\/sq\/#\/schema\/logo\/image\/","url":"https:\/\/www.avantcar.mk\/wp-content\/uploads\/2021\/04\/ugovor.png","contentUrl":"https:\/\/www.avantcar.mk\/wp-content\/uploads\/2021\/04\/ugovor.png","width":72,"height":72,"caption":"Avantcar"},"image":{"@id":"https:\/\/www.avantcar.mk\/sq\/#\/schema\/logo\/image\/"}}]}},"_links":{"self":[{"href":"https:\/\/www.avantcar.mk\/sq\/wp-json\/wp\/v2\/pages\/24561","targetHints":{"allow":["GET"]}}],"collection":[{"href":"https:\/\/www.avantcar.mk\/sq\/wp-json\/wp\/v2\/pages"}],"about":[{"href":"https:\/\/www.avantcar.mk\/sq\/wp-json\/wp\/v2\/types\/page"}],"author":[{"embeddable":true,"href":"https:\/\/www.avantcar.mk\/sq\/wp-json\/wp\/v2\/users\/1"}],"replies":[{"embeddable":true,"href":"https:\/\/www.avantcar.mk\/sq\/wp-json\/wp\/v2\/comments?post=24561"}],"version-history":[{"count":4,"href":"https:\/\/www.avantcar.mk\/sq\/wp-json\/wp\/v2\/pages\/24561\/revisions"}],"predecessor-version":[{"id":25442,"href":"https:\/\/www.avantcar.mk\/sq\/wp-json\/wp\/v2\/pages\/24561\/revisions\/25442"}],"wp:featuredmedia":[{"embeddable":true,"href":"https:\/\/www.avantcar.mk\/sq\/wp-json\/wp\/v2\/media\/24230"}],"wp:attachment":[{"href":"https:\/\/www.avantcar.mk\/sq\/wp-json\/wp\/v2\/media?parent=24561"}],"curies":[{"name":"wp","href":"https:\/\/api.w.org\/{rel}","templated":true}]}}